{"id":103,"date":"2021-05-19T17:50:05","date_gmt":"2021-05-19T15:50:05","guid":{"rendered":"https:\/\/knedlica.com\/?page_id=103"},"modified":"2021-05-19T18:05:57","modified_gmt":"2021-05-19T16:05:57","slug":"blog","status":"publish","type":"page","link":"https:\/\/knedlica.com\/en_gb\/blog\/","title":{"rendered":"Blog"},"content":{"rendered":"<div data-elementor-type=\"wp-page\" data-elementor-id=\"103\" class=\"elementor elementor-103\" data-elementor-settings=\"[]\">\n\t\t\t\t\t\t\t<div class=\"elementor-section-wrap\">\n\t\t\t\t\t\t\t<section class=\"elementor-section elementor-top-section elementor-element elementor-element-b9912f4 elementor-section-height-min-height elementor-section-boxed elementor-section-height-default elementor-section-items-middle\" data-id=\"b9912f4\" data-element_type=\"section\" data-settings=\"{&quot;background_background&quot;:&quot;slideshow&quot;,&quot;background_slideshow_gallery&quot;:[{&quot;id&quot;:58,&quot;url&quot;:&quot;https:\\\/\\\/knedlica.com\\\/wp-content\\\/uploads\\\/2021\\\/05\\\/170152652_177034407480846_2702681808500753234_n.jpg&quot;},{&quot;id&quot;:60,&quot;url&quot;:&quot;https:\\\/\\\/knedlica.com\\\/wp-content\\\/uploads\\\/2021\\\/05\\\/knedlica-pozadina-2-1.jpg&quot;}],&quot;background_slideshow_loop&quot;:&quot;yes&quot;,&quot;background_slideshow_slide_duration&quot;:5000,&quot;background_slideshow_slide_transition&quot;:&quot;fade&quot;,&quot;background_slideshow_transition_duration&quot;:500}\">\n\t\t\t\t\t\t\t<div class=\"elementor-background-overlay\"><\/div>\n\t\t\t\t\t\t\t<div class=\"elementor-container elementor-column-gap-default\">\n\t\t\t\t\t<div class=\"elementor-column elementor-col-100 elementor-top-column elementor-element elementor-element-f1abab7\" data-id=\"f1abab7\" data-element_type=\"column\">\n\t\t\t<div class=\"elementor-widget-wrap elementor-element-populated\">\n\t\t\t\t\t\t\t\t<div class=\"elementor-element elementor-element-da786a4 elementor-widget elementor-widget-heading\" data-id=\"da786a4\" data-element_type=\"widget\" data-widget_type=\"heading.default\">\n\t\t\t\t<div class=\"elementor-widget-container\">\n\t\t\t<h2 class=\"elementor-heading-title elementor-size-default\">Welcome to our blog<\/h2>\t\t<\/div>\n\t\t\t\t<\/div>\n\t\t\t\t<div class=\"elementor-element elementor-element-1f07f93 elementor-widget elementor-widget-text-editor\" data-id=\"1f07f93\" data-element_type=\"widget\" data-widget_type=\"text-editor.default\">\n\t\t\t\t<div class=\"elementor-widget-container\">\n\t\t\t\t\t\t\t\t<p>Here you can find recent news about us<\/p>\t\t\t\t\t\t<\/div>\n\t\t\t\t<\/div>\n\t\t\t\t\t<\/div>\n\t\t<\/div>\n\t\t\t\t\t\t\t<\/div>\n\t\t<\/section>\n\t\t\t\t<section class=\"elementor-section elementor-top-section elementor-element elementor-element-ffa1b0b elementor-section-boxed elementor-section-height-default elementor-section-height-default\" data-id=\"ffa1b0b\" data-element_type=\"section\">\n\t\t\t\t\t\t<div class=\"elementor-container elementor-column-gap-default\">\n\t\t\t\t\t<div class=\"elementor-column elementor-col-100 elementor-top-column elementor-element elementor-element-79719ba\" data-id=\"79719ba\" data-element_type=\"column\">\n\t\t\t<div class=\"elementor-widget-wrap elementor-element-populated\">\n\t\t\t\t\t\t\t\t<div class=\"elementor-element elementor-element-1c64bb3 premium-blog-align-left elementor-widget elementor-widget-premium-addon-blog\" data-id=\"1c64bb3\" data-element_type=\"widget\" data-widget_type=\"premium-addon-blog.default\">\n\t\t\t\t<div class=\"elementor-widget-container\">\n\t\t\t\t<div class=\"premium-blog\">\n\t\t\t\t<div class=\"premium-blog-wrap  premium-blog-even\" data-scroll=\"1\" data-infinite=\"\" data-layout=\"even\" data-equal=\"\" data-page=\"103\">\n\t\t\t\t\t<div class=\"premium-blog-post-outer-container\" data-total=\"1\">\n\t\t\t<div class=\"premium-blog-post-container premium-blog-skin-banner\">\n\t\t\t\t\t\t\t\t\t<div class=\"premium-blog-thumb-effect-wrapper\">\n\t\t\t\t\t\t<div class=\"premium-blog-thumbnail-container premium-blog-zoomin-effect\">\n\t\t\t\t\t\t\t<img decoding=\"async\" width=\"720\" height=\"960\" src=\"https:\/\/knedlica.com\/wp-content\/uploads\/2021\/05\/185941037_490057442044329_6559077701553932204_n.jpg\" class=\"attachment-full size-full\" alt=\"dodavanje sa pca\" \/>\t\t\t\t\t\t<\/div>\n\t\t\t\t\t\t\t\t\t\t\t\t\t<div class=\"premium-blog-thumbnail-overlay\">\n\t\t\t\t\t\t\t\t<a class=\"elementor-icon\" href=\"https:\/\/knedlica.com\/en_gb\/2021\/05\/20\/dodavanje-novog-posta-na-blogu\/\" target=\"_blank\"><\/a>\n\t\t\t\t\t\t\t<\/div>\n\t\t\t\t\t\t\t\t\t\t\t<\/div>\n\t\t\t\t\t\t\t\t\t\t\t\t<div class=\"premium-blog-content-wrapper\">\n\t\t\t\t\t<div class=\"premium-blog-content-wrapper-inner\">\n\t\t\t\t\t\t<div class=\"premium-blog-inner-container\">\n\t\t\t\t\t\t\t<div class=\"premium-blog-entry-container\">\n\t\t\t\t\t\t\t\t\t\t\t\t\t\t\t\t\t\t<h2 class=\"premium-blog-entry-title\">\n\t\t\t<a href=\"https:\/\/knedlica.com\/en_gb\/2021\/05\/20\/dodavanje-novog-posta-na-blogu\/\" target=\"_blank\">\n\t\t\t\tDodavanje novog posta na blogu\t\t\t<\/a>\n\t\t<\/h2>\n\t\t\t\t<div class=\"premium-blog-entry-meta\">\n\t\t\t\n\t\t\t\t\t\t\t<span class=\"premium-blog-meta-separator\">\u2022<\/span>\n\t\t\t\t<div class=\"premium-blog-post-time premium-blog-meta-data\">\n\t\t\t\t\t<i class=\"fa fa-clock-o\"><\/i>\n\t\t\t\t\t<span>May 20, 2021<\/span>\n\t\t\t\t<\/div>\n\t\t\t\n\t\t\t\n\t\t\t\t\t<\/div>\n\t\t\n\t\t\t\t\t\t\t<\/div>\n\t\t\t\t\t\t<\/div>\n\n\t\t\t\t\t\t<p class=\"premium-blog-post-content\">Naslov Tekst knedlica kolac<\/p>\t\t\t\t\t\t\t\t\t\t\t<\/div>\n\t\t\t\t<\/div>\n\t\t\t<\/div>\n\t\t<\/div>\n\n\t\t\t\t<div class=\"premium-blog-post-outer-container\" data-total=\"1\">\n\t\t\t<div class=\"premium-blog-post-container premium-blog-skin-banner\">\n\t\t\t\t\t\t\t\t\t<div class=\"premium-blog-thumb-effect-wrapper\">\n\t\t\t\t\t\t<div class=\"premium-blog-thumbnail-container premium-blog-zoomin-effect\">\n\t\t\t\t\t\t\t<img decoding=\"async\" width=\"1600\" height=\"1288\" src=\"https:\/\/knedlica.com\/wp-content\/uploads\/2021\/05\/hector-martinez-110928-unsplash.jpg\" class=\"attachment-full size-full\" alt=\"\" \/>\t\t\t\t\t\t<\/div>\n\t\t\t\t\t\t\t\t\t\t\t\t\t<div class=\"premium-blog-thumbnail-overlay\">\n\t\t\t\t\t\t\t\t<a class=\"elementor-icon\" href=\"https:\/\/knedlica.com\/en_gb\/2021\/05\/19\/prvi-post\/\" target=\"_blank\"><\/a>\n\t\t\t\t\t\t\t<\/div>\n\t\t\t\t\t\t\t\t\t\t\t<\/div>\n\t\t\t\t\t\t\t\t\t\t\t\t<div class=\"premium-blog-content-wrapper\">\n\t\t\t\t\t<div class=\"premium-blog-content-wrapper-inner\">\n\t\t\t\t\t\t<div class=\"premium-blog-inner-container\">\n\t\t\t\t\t\t\t<div class=\"premium-blog-entry-container\">\n\t\t\t\t\t\t\t\t\t\t\t\t\t\t\t\t\t\t<h2 class=\"premium-blog-entry-title premium-blog-entry-title\">\n\t\t\t<a href=\"https:\/\/knedlica.com\/en_gb\/2021\/05\/19\/prvi-post\/\" target=\"_blank\">\n\t\t\t\tPrvi post\t\t\t<\/a>\n\t\t<\/h2>\n\t\t\t\t<div class=\"premium-blog-entry-meta\">\n\t\t\t\n\t\t\t\t\t\t\t<span class=\"premium-blog-meta-separator\">\u2022<\/span>\n\t\t\t\t<div class=\"premium-blog-post-time premium-blog-meta-data\">\n\t\t\t\t\t<i class=\"fa fa-clock-o\"><\/i>\n\t\t\t\t\t<span>May 19, 2021<\/span>\n\t\t\t\t<\/div>\n\t\t\t\n\t\t\t\n\t\t\t\t\t<\/div>\n\t\t\n\t\t\t\t\t\t\t<\/div>\n\t\t\t\t\t\t<\/div>\n\n\t\t\t\t\t\t<p class=\"premium-blog-post-content\">Stranica je gotova Na\u0161a webstranica je pu\u0161tena u pogon. Ovo je na\u0161a prva objava na na\u0161em blogu. U budu\u0107nosti o\u010dekujte puno objava \u2026<\/p>\t\t\t\t\t\t\t\t\t\t\t<\/div>\n\t\t\t\t<\/div>\n\t\t\t<\/div>\n\t\t<\/div>\n\n\t\t\t\t<\/div>\n\t<\/div>\n\t\t\t\t<\/div>\n\t\t\t\t<\/div>\n\t\t\t\t\t<\/div>\n\t\t<\/div>\n\t\t\t\t\t\t\t<\/div>\n\t\t<\/section>\n\t\t\t\t\t\t<\/div>\n\t\t\t\t\t<\/div>","protected":false},"excerpt":{"rendered":"<p>Dobrodo\u0161li na na\u0161 blog Ovdje mo\u017eete prona\u0107i najnovije vijesti i o nama Prvi post \u2022 May 19, 2021 Stranica je gotova Na\u0161a webstranica je pu\u0161tena u pogon. Ovo je na\u0161a prva objava na na\u0161em blogu. U budu\u0107nosti o\u010dekujte puno objava \u2026<\/p>","protected":false},"author":1,"featured_media":0,"parent":0,"menu_order":0,"comment_status":"closed","ping_status":"closed","template":"elementor_header_footer","meta":{"footnotes":""},"class_list":["post-103","page","type-page","status-publish","hentry","entry","has-media"],"_links":{"self":[{"href":"https:\/\/knedlica.com\/en_gb\/wp-json\/wp\/v2\/pages\/103","targetHints":{"allow":["GET"]}}],"collection":[{"href":"https:\/\/knedlica.com\/en_gb\/wp-json\/wp\/v2\/pages"}],"about":[{"href":"https:\/\/knedlica.com\/en_gb\/wp-json\/wp\/v2\/types\/page"}],"author":[{"embeddable":true,"href":"https:\/\/knedlica.com\/en_gb\/wp-json\/wp\/v2\/users\/1"}],"replies":[{"embeddable":true,"href":"https:\/\/knedlica.com\/en_gb\/wp-json\/wp\/v2\/comments?post=103"}],"version-history":[{"count":7,"href":"https:\/\/knedlica.com\/en_gb\/wp-json\/wp\/v2\/pages\/103\/revisions"}],"predecessor-version":[{"id":116,"href":"https:\/\/knedlica.com\/en_gb\/wp-json\/wp\/v2\/pages\/103\/revisions\/116"}],"wp:attachment":[{"href":"https:\/\/knedlica.com\/en_gb\/wp-json\/wp\/v2\/media?parent=103"}],"curies":[{"name":"wp","href":"https:\/\/api.w.org\/{rel}","templated":true}]}}